{"id":26,"date":"2018-02-19T18:21:15","date_gmt":"2018-02-19T18:21:15","guid":{"rendered":"https:\/\/henoi.org.py\/?page_id=26"},"modified":"2025-07-20T00:13:45","modified_gmt":"2025-07-20T03:13:45","slug":"henoi","status":"publish","type":"page","link":"https:\/\/henoi.org.py\/index.php\/henoi\/","title":{"rendered":"Somos"},"content":{"rendered":"\t\t<div data-elementor-type=\"wp-page\" data-elementor-id=\"26\" class=\"elementor elementor-26\" data-elementor-post-type=\"page\">\n\t\t\t\t\t\t<section class=\"elementor-section elementor-top-section elementor-element elementor-element-4da8021 elementor-section-boxed elementor-section-height-default elementor-section-height-default wpr-particle-no wpr-jarallax-no wpr-parallax-no wpr-sticky-section-no\" data-id=\"4da8021\" data-element_type=\"section\">\n\t\t\t\t\t\t<div class=\"elementor-container elementor-column-gap-default\">\n\t\t\t\t\t<div class=\"elementor-column elementor-col-100 elementor-top-column elementor-element elementor-element-dde25d3\" data-id=\"dde25d3\" data-element_type=\"column\">\n\t\t\t<div class=\"elementor-widget-wrap elementor-element-populated\">\n\t\t\t\t\t\t<div class=\"elementor-element elementor-element-c098ca6 elementor-widget elementor-widget-heading\" data-id=\"c098ca6\" data-element_type=\"widget\" data-widget_type=\"heading.default\">\n\t\t\t\t<div class=\"elementor-widget-container\">\n\t\t\t\t\t<h2 class=\"elementor-heading-title elementor-size-default\">Somos<\/h2>\t\t\t\t<\/div>\n\t\t\t\t<\/div>\n\t\t\t\t\t<\/div>\n\t\t<\/div>\n\t\t\t\t\t<\/div>\n\t\t<\/section>\n\t\t\t\t<section class=\"elementor-section elementor-top-section elementor-element elementor-element-201def37 elementor-section-boxed elementor-section-height-default elementor-section-height-default wpr-particle-no wpr-jarallax-no wpr-parallax-no wpr-sticky-section-no\" data-id=\"201def37\" data-element_type=\"section\">\n\t\t\t\t\t\t<div class=\"elementor-container elementor-column-gap-default\">\n\t\t\t\t\t<div class=\"elementor-column elementor-col-100 elementor-top-column elementor-element elementor-element-22cf559\" data-id=\"22cf559\" data-element_type=\"column\">\n\t\t\t<div class=\"elementor-widget-wrap elementor-element-populated\">\n\t\t\t\t\t\t<div class=\"elementor-element elementor-element-d08791a elementor-widget elementor-widget-spacer\" data-id=\"d08791a\" data-element_type=\"widget\" data-widget_type=\"spacer.default\">\n\t\t\t\t<div class=\"elementor-widget-container\">\n\t\t\t\t\t\t\t<div class=\"elementor-spacer\">\n\t\t\t<div class=\"elementor-spacer-inner\"><\/div>\n\t\t<\/div>\n\t\t\t\t\t\t<\/div>\n\t\t\t\t<\/div>\n\t\t\t\t<div class=\"elementor-element elementor-element-e4920b9 elementor-widget elementor-widget-image\" data-id=\"e4920b9\" data-element_type=\"widget\" data-widget_type=\"image.default\">\n\t\t\t\t<div class=\"elementor-widget-container\">\n\t\t\t\t\t\t\t\t\t\t\t\t\t\t\t<img fetchpriority=\"high\" decoding=\"async\" width=\"900\" height=\"600\" src=\"https:\/\/henoi.org.py\/wp-content\/uploads\/2022\/05\/IMG_2450-1024x683.jpg\" class=\"attachment-large size-large wp-image-3444\" alt=\"\" srcset=\"https:\/\/henoi.org.py\/wp-content\/uploads\/2022\/05\/IMG_2450-1024x683.jpg 1024w, https:\/\/henoi.org.py\/wp-content\/uploads\/2022\/05\/IMG_2450-300x200.jpg 300w, https:\/\/henoi.org.py\/wp-content\/uploads\/2022\/05\/IMG_2450-768x512.jpg 768w, https:\/\/henoi.org.py\/wp-content\/uploads\/2022\/05\/IMG_2450-1536x1024.jpg 1536w, https:\/\/henoi.org.py\/wp-content\/uploads\/2022\/05\/IMG_2450-2048x1365.jpg 2048w\" sizes=\"(max-width: 900px) 100vw, 900px\" \/>\t\t\t\t\t\t\t\t\t\t\t\t\t\t\t<\/div>\n\t\t\t\t<\/div>\n\t\t\t\t<div class=\"elementor-element elementor-element-7af06a09 elementor-widget elementor-widget-text-editor\" data-id=\"7af06a09\" data-element_type=\"widget\" data-widget_type=\"text-editor.default\">\n\t\t\t\t<div class=\"elementor-widget-container\">\n\t\t\t\t\t\t\t\t\t<strong>Centro de Estudios y promoci\u00f3n de la Democracia, los Derechos Humanos y la Sostenibilidad Socioambiental, <\/strong>tiene como fines desarrollar actividades de investigaci\u00f3n, formaci\u00f3n, sensibilizaci\u00f3n, y apoyo a la acci\u00f3n de los sujetos y movimientos sociales y pol\u00edticos de Paraguay, que reivindiquen o promuevan derechos humanos, la ampliaci\u00f3n de la participaci\u00f3n ciudadana, el fortalecimiento de las instituciones p\u00fablicas y la organizaci\u00f3n comunitaria, la promoci\u00f3n de la sostenibilidad socioecon\u00f3mica y ambiental, tendientes a una democracia m\u00e1s participativa, m\u00e1s conectada con los procesos de integraci\u00f3n de la regi\u00f3n y orientada al disfrute de una mejor calidad de vida para la poblaci\u00f3n del pa\u00eds. Dirige su accionar prioritariamente a la formaci\u00f3n de una ciudadan\u00eda cr\u00edtica, en la construcci\u00f3n de una sociedad equitativa, solidaria, respetuosa de los derechos humanos y de la naturaleza.\t\t\t\t\t\t\t\t<\/div>\n\t\t\t\t<\/div>\n\t\t\t\t\t<\/div>\n\t\t<\/div>\n\t\t\t\t\t<\/div>\n\t\t<\/section>\n\t\t\t\t<\/div>\n\t\t","protected":false},"excerpt":{"rendered":"<p>Somos Centro de Estudios y promoci\u00f3n de la Democracia, los Derechos Humanos y la Sostenibilidad Socioambiental, tiene como fines desarrollar actividades de investigaci\u00f3n, formaci\u00f3n, sensibilizaci\u00f3n, y apoyo a la acci\u00f3n de los sujetos y movimientos sociales y pol\u00edticos de Paraguay, que reivindiquen o promuevan derechos humanos, la ampliaci\u00f3n de la participaci\u00f3n ciudadana, el fortalecimiento de las instituciones p\u00fablicas y la organizaci\u00f3n comunitaria, la promoci\u00f3n de la sostenibilidad socioecon\u00f3mica y ambiental, tendientes a una democracia m\u00e1s participativa, m\u00e1s conectada con los procesos de integraci\u00f3n de la regi\u00f3n y orientada al disfrute de una mejor calidad de vida para la poblaci\u00f3n del pa\u00eds. Dirige su accionar prioritariamente a la formaci\u00f3n de una ciudadan\u00eda cr\u00edtica, en la construcci\u00f3n de una sociedad equitativa, solidaria, respetuosa de los derechos humanos y de la naturaleza.<\/p>\n","protected":false},"author":1,"featured_media":262,"parent":0,"menu_order":0,"comment_status":"closed","ping_status":"closed","template":"elementor_header_footer","meta":{"footnotes":""},"class_list":["post-26","page","type-page","status-publish","has-post-thumbnail","hentry"],"yoast_head":"<!-- This site is optimized with the Yoast SEO plugin v25.5 - https:\/\/yoast.com\/wordpress\/plugins\/seo\/ -->\n<title>Somos - henoi<\/title>\n<meta name=\"robots\" content=\"index, follow, max-snippet:-1, max-image-preview:large, max-video-preview:-1\" \/>\n<link rel=\"canonical\" href=\"https:\/\/henoi.org.py\/index.php\/henoi\/\" \/>\n<meta property=\"og:locale\" content=\"es_ES\" \/>\n<meta property=\"og:type\" content=\"article\" \/>\n<meta property=\"og:title\" content=\"Somos - henoi\" \/>\n<meta property=\"og:description\" content=\"Somos Centro de Estudios y promoci\u00f3n de la Democracia, los Derechos Humanos y la Sostenibilidad Socioambiental, tiene como fines desarrollar actividades de investigaci\u00f3n, formaci\u00f3n, sensibilizaci\u00f3n, y apoyo a la acci\u00f3n de los sujetos y movimientos sociales y pol\u00edticos de Paraguay, que reivindiquen o promuevan derechos humanos, la ampliaci\u00f3n de la participaci\u00f3n ciudadana, el fortalecimiento de las instituciones p\u00fablicas y la organizaci\u00f3n comunitaria, la promoci\u00f3n de la sostenibilidad socioecon\u00f3mica y ambiental, tendientes a una democracia m\u00e1s participativa, m\u00e1s conectada con los procesos de integraci\u00f3n de la regi\u00f3n y orientada al disfrute de una mejor calidad de vida para la poblaci\u00f3n del pa\u00eds. Dirige su accionar prioritariamente a la formaci\u00f3n de una ciudadan\u00eda cr\u00edtica, en la construcci\u00f3n de una sociedad equitativa, solidaria, respetuosa de los derechos humanos y de la naturaleza.\" \/>\n<meta property=\"og:url\" content=\"https:\/\/henoi.org.py\/index.php\/henoi\/\" \/>\n<meta property=\"og:site_name\" content=\"henoi\" \/>\n<meta property=\"article:modified_time\" content=\"2025-07-20T03:13:45+00:00\" \/>\n<meta property=\"og:image\" content=\"https:\/\/henoi.org.py\/wp-content\/uploads\/2018\/03\/logo_03-e1648045710292.jpg\" \/>\n\t<meta property=\"og:image:width\" content=\"647\" \/>\n\t<meta property=\"og:image:height\" content=\"229\" \/>\n\t<meta property=\"og:image:type\" content=\"image\/jpeg\" \/>\n<meta name=\"twitter:card\" content=\"summary_large_image\" \/>\n<meta name=\"twitter:label1\" content=\"Tiempo de lectura\" \/>\n\t<meta name=\"twitter:data1\" content=\"1 minuto\" \/>\n<script type=\"application\/ld+json\" class=\"yoast-schema-graph\">{\"@context\":\"https:\/\/schema.org\",\"@graph\":[{\"@type\":\"WebPage\",\"@id\":\"https:\/\/henoi.org.py\/index.php\/henoi\/\",\"url\":\"https:\/\/henoi.org.py\/index.php\/henoi\/\",\"name\":\"Somos - henoi\",\"isPartOf\":{\"@id\":\"https:\/\/henoi.org.py\/#website\"},\"primaryImageOfPage\":{\"@id\":\"https:\/\/henoi.org.py\/index.php\/henoi\/#primaryimage\"},\"image\":{\"@id\":\"https:\/\/henoi.org.py\/index.php\/henoi\/#primaryimage\"},\"thumbnailUrl\":\"https:\/\/henoi.org.py\/wp-content\/uploads\/2018\/03\/logo_03-e1648045710292.jpg\",\"datePublished\":\"2018-02-19T18:21:15+00:00\",\"dateModified\":\"2025-07-20T03:13:45+00:00\",\"breadcrumb\":{\"@id\":\"https:\/\/henoi.org.py\/index.php\/henoi\/#breadcrumb\"},\"inLanguage\":\"es-AR\",\"potentialAction\":[{\"@type\":\"ReadAction\",\"target\":[\"https:\/\/henoi.org.py\/index.php\/henoi\/\"]}]},{\"@type\":\"ImageObject\",\"inLanguage\":\"es-AR\",\"@id\":\"https:\/\/henoi.org.py\/index.php\/henoi\/#primaryimage\",\"url\":\"https:\/\/henoi.org.py\/wp-content\/uploads\/2018\/03\/logo_03-e1648045710292.jpg\",\"contentUrl\":\"https:\/\/henoi.org.py\/wp-content\/uploads\/2018\/03\/logo_03-e1648045710292.jpg\",\"width\":647,\"height\":229},{\"@type\":\"BreadcrumbList\",\"@id\":\"https:\/\/henoi.org.py\/index.php\/henoi\/#breadcrumb\",\"itemListElement\":[{\"@type\":\"ListItem\",\"position\":1,\"name\":\"Inicio\",\"item\":\"https:\/\/henoi.org.py\/\"},{\"@type\":\"ListItem\",\"position\":2,\"name\":\"Somos\"}]},{\"@type\":\"WebSite\",\"@id\":\"https:\/\/henoi.org.py\/#website\",\"url\":\"https:\/\/henoi.org.py\/\",\"name\":\"henoi\",\"description\":\"Centro de estudios\",\"potentialAction\":[{\"@type\":\"SearchAction\",\"target\":{\"@type\":\"EntryPoint\",\"urlTemplate\":\"https:\/\/henoi.org.py\/?s={search_term_string}\"},\"query-input\":{\"@type\":\"PropertyValueSpecification\",\"valueRequired\":true,\"valueName\":\"search_term_string\"}}],\"inLanguage\":\"es-AR\"}]}<\/script>\n<!-- \/ Yoast SEO plugin. -->","yoast_head_json":{"title":"Somos - henoi","robots":{"index":"index","follow":"follow","max-snippet":"max-snippet:-1","max-image-preview":"max-image-preview:large","max-video-preview":"max-video-preview:-1"},"canonical":"https:\/\/henoi.org.py\/index.php\/henoi\/","og_locale":"es_ES","og_type":"article","og_title":"Somos - henoi","og_description":"Somos Centro de Estudios y promoci\u00f3n de la Democracia, los Derechos Humanos y la Sostenibilidad Socioambiental, tiene como fines desarrollar actividades de investigaci\u00f3n, formaci\u00f3n, sensibilizaci\u00f3n, y apoyo a la acci\u00f3n de los sujetos y movimientos sociales y pol\u00edticos de Paraguay, que reivindiquen o promuevan derechos humanos, la ampliaci\u00f3n de la participaci\u00f3n ciudadana, el fortalecimiento de las instituciones p\u00fablicas y la organizaci\u00f3n comunitaria, la promoci\u00f3n de la sostenibilidad socioecon\u00f3mica y ambiental, tendientes a una democracia m\u00e1s participativa, m\u00e1s conectada con los procesos de integraci\u00f3n de la regi\u00f3n y orientada al disfrute de una mejor calidad de vida para la poblaci\u00f3n del pa\u00eds. Dirige su accionar prioritariamente a la formaci\u00f3n de una ciudadan\u00eda cr\u00edtica, en la construcci\u00f3n de una sociedad equitativa, solidaria, respetuosa de los derechos humanos y de la naturaleza.","og_url":"https:\/\/henoi.org.py\/index.php\/henoi\/","og_site_name":"henoi","article_modified_time":"2025-07-20T03:13:45+00:00","og_image":[{"width":647,"height":229,"url":"https:\/\/henoi.org.py\/wp-content\/uploads\/2018\/03\/logo_03-e1648045710292.jpg","type":"image\/jpeg"}],"twitter_card":"summary_large_image","twitter_misc":{"Tiempo de lectura":"1 minuto"},"schema":{"@context":"https:\/\/schema.org","@graph":[{"@type":"WebPage","@id":"https:\/\/henoi.org.py\/index.php\/henoi\/","url":"https:\/\/henoi.org.py\/index.php\/henoi\/","name":"Somos - henoi","isPartOf":{"@id":"https:\/\/henoi.org.py\/#website"},"primaryImageOfPage":{"@id":"https:\/\/henoi.org.py\/index.php\/henoi\/#primaryimage"},"image":{"@id":"https:\/\/henoi.org.py\/index.php\/henoi\/#primaryimage"},"thumbnailUrl":"https:\/\/henoi.org.py\/wp-content\/uploads\/2018\/03\/logo_03-e1648045710292.jpg","datePublished":"2018-02-19T18:21:15+00:00","dateModified":"2025-07-20T03:13:45+00:00","breadcrumb":{"@id":"https:\/\/henoi.org.py\/index.php\/henoi\/#breadcrumb"},"inLanguage":"es-AR","potentialAction":[{"@type":"ReadAction","target":["https:\/\/henoi.org.py\/index.php\/henoi\/"]}]},{"@type":"ImageObject","inLanguage":"es-AR","@id":"https:\/\/henoi.org.py\/index.php\/henoi\/#primaryimage","url":"https:\/\/henoi.org.py\/wp-content\/uploads\/2018\/03\/logo_03-e1648045710292.jpg","contentUrl":"https:\/\/henoi.org.py\/wp-content\/uploads\/2018\/03\/logo_03-e1648045710292.jpg","width":647,"height":229},{"@type":"BreadcrumbList","@id":"https:\/\/henoi.org.py\/index.php\/henoi\/#breadcrumb","itemListElement":[{"@type":"ListItem","position":1,"name":"Inicio","item":"https:\/\/henoi.org.py\/"},{"@type":"ListItem","position":2,"name":"Somos"}]},{"@type":"WebSite","@id":"https:\/\/henoi.org.py\/#website","url":"https:\/\/henoi.org.py\/","name":"henoi","description":"Centro de estudios","potentialAction":[{"@type":"SearchAction","target":{"@type":"EntryPoint","urlTemplate":"https:\/\/henoi.org.py\/?s={search_term_string}"},"query-input":{"@type":"PropertyValueSpecification","valueRequired":true,"valueName":"search_term_string"}}],"inLanguage":"es-AR"}]}},"_links":{"self":[{"href":"https:\/\/henoi.org.py\/index.php\/wp-json\/wp\/v2\/pages\/26","targetHints":{"allow":["GET"]}}],"collection":[{"href":"https:\/\/henoi.org.py\/index.php\/wp-json\/wp\/v2\/pages"}],"about":[{"href":"https:\/\/henoi.org.py\/index.php\/wp-json\/wp\/v2\/types\/page"}],"author":[{"embeddable":true,"href":"https:\/\/henoi.org.py\/index.php\/wp-json\/wp\/v2\/users\/1"}],"replies":[{"embeddable":true,"href":"https:\/\/henoi.org.py\/index.php\/wp-json\/wp\/v2\/comments?post=26"}],"version-history":[{"count":14,"href":"https:\/\/henoi.org.py\/index.php\/wp-json\/wp\/v2\/pages\/26\/revisions"}],"predecessor-version":[{"id":6336,"href":"https:\/\/henoi.org.py\/index.php\/wp-json\/wp\/v2\/pages\/26\/revisions\/6336"}],"wp:featuredmedia":[{"embeddable":true,"href":"https:\/\/henoi.org.py\/index.php\/wp-json\/wp\/v2\/media\/262"}],"wp:attachment":[{"href":"https:\/\/henoi.org.py\/index.php\/wp-json\/wp\/v2\/media?parent=26"}],"curies":[{"name":"wp","href":"https:\/\/api.w.org\/{rel}","templated":true}]}}